{"id":34,"date":"2021-11-17T16:05:08","date_gmt":"2021-11-17T16:05:08","guid":{"rendered":"https:\/\/www.micc.unifi.it\/3dor2022\/?page_id=34"},"modified":"2022-08-31T09:33:55","modified_gmt":"2022-08-31T09:33:55","slug":"workshop-programme","status":"publish","type":"page","link":"https:\/\/www.micc.unifi.it\/3dor2022\/index.php\/workshop-programme\/","title":{"rendered":"3DOR programme"},"content":{"rendered":"\n<p><strong>13:30 \u2013 13:45&nbsp; &nbsp; Opening Session <\/strong><br>Conference and Program chairs<\/p>\n\n\n\n<p class=\"has-large-font-size\"><strong>September 1, 2022<\/strong><\/p>\n\n\n\n<p><strong>13:45 \u2013 14:40 Keynote<\/strong> <strong>talk <\/strong>(chair: Mohamed Daoudi)<strong> <\/strong><\/p>\n\n\n\n<p><strong>\u201cFrom sound to metric priors: A new paradigm for shape generation\u201d <\/strong><br>Emanuele Rodol\u00e0, \u201cLa Sapienza\u201d University of Rome<\/p>\n\n\n\n<p><strong>14:40 \u2013 15:00&nbsp; &nbsp; Coffee break<\/strong><\/p>\n\n\n\n<p><strong>15:00 \u2013 16:15&nbsp; &nbsp; Oral session 1: Full papers<\/strong> (chair: Claudio Ferrari)<\/p>\n\n\n\n<p>15:00 \u2013 15:25 <strong>Improving performance of deep learning models for 3D point cloud semantic  segmentation via attention mechanisms<br><\/strong>Georgios Zamanakos, Ioannis Pratikakis<\/p>\n\n\n\n<p>15:25 \u2013 15:50 <strong>Multimodal Registration across 3D Point Clouds and CT-Volumes <br><\/strong>Evdokia Saiti, Theoharis Theoharis<\/p>\n\n\n\n<p>15:50 \u2013 16:15 <strong>Semantic segmentation of 3D car parts using UAV-based image<\/strong><br>David Jurado-Rodr\u00edguez, Juan M. Jurado, Lu\u00eds P\u00e1dua, Alexandre Neto, Rafael Mu\u00f1oz-Salinas, Joaquim J. Sousa<\/p>\n\n\n\n<p><strong>16:15 \u2013 16:35&nbsp; &nbsp; Afternoon break<\/strong><\/p>\n\n\n\n<p><strong>16:35 \u2013 17:50&nbsp; &nbsp; Oral session 2: SHREC papers<\/strong> (chair: Theoharis Theoharis)<\/p>\n\n\n\n<p>16:35 \u2013 17:00 <strong>SHREC 2022 track on online detection of heterogeneous gestures<\/strong><br>Marco Emporio, Ariel Caputo, Andrea Giachetti, Marco Cristani, Guido Borghi, Andrea D\u2019Eusanio, Minh-Quan Le, Hai-Dang Nguyen, Minh-Triet Tran, Felix Ambellan, Martin Hanik, Esfandiar Nava-Yazdani, Christoph von Tycowicz<\/p>\n\n\n\n<p>17:00 \u2013 17:25 <strong><strong>SHREC 2022:<\/strong><\/strong> <strong>Fitting and recognition of simple geometric primitives on point clouds<\/strong><br>Chiara Romanengo, Andrea Raffo, Silvia Biasotti, Bianca Falcidieno, Vlassis Fotis, Ioannis Romanelis, Eleftheria Psatha, Konstantinos Moustakas, Ivan Sipiran, Quang-Thuc Nguyen, Chi-Bien Chu, Khoi-Nguyen Nguyen-Ngoc, Dinh-Khoi Vo, Tuan-An To, Nham-Tan Nguyen, Nhat-Quynh Le-Pham, Hai-Dang Nguyen, Minh-Triet Tran, Yifan Qie, Nabil Anwer<\/p>\n\n\n\n<p>17:25 \u2013 17:50 <strong>SHREC 2022: Pothole and crack detection on road pavement using RGB-D images<\/strong><br>Elia Moscoso Thompson, Andrea Ranieri, Silvia Biasotti, Miguel Chicchon, Ivan Sipiran, Minh-Khoi Pham, Thang-Long Nguyen-Ho, Hai-Dang Nguyen, Minh-Triet Tran<\/p>\n\n\n\n<p><\/p>\n\n\n\n<p><strong>19:30 \u2013 20:30&nbsp; &nbsp; Meeting at the conference venue and transfer <strong>(by walking)<\/strong><\/strong> <strong>to the restaurant<\/strong><\/p>\n\n\n\n<p><strong>20:30 \u2013 22:30&nbsp; &nbsp; Social dinner&nbsp;<\/strong><\/p>\n\n\n\n<hr class=\"wp-block-separator\"\/>\n\n\n\n<p class=\"has-large-font-size\"><strong>September 2, 2022<\/strong><\/p>\n\n\n\n<p><strong><u>10:45 \u2013 11:45<\/u>   Social event: guided visit to the \u201cCenacolo of Santa Apollonia\u201d<\/strong>, in the same monastery building of 3DOR (entrance from via XXVII Aprile, 1). The refectory harbors the well-conserved fresco \u201cThe Last Supper\u201d by the Italian Renaissance artist Andrea del Castagno. <strong><br>Meeting point at the symposium venue.<\/strong><\/p>\n\n\n\n<p><strong>13:30 \u2013 13:40   Opening <\/strong><\/p>\n\n\n\n<p><strong>13:40 \u2013 14:40&nbsp; &nbsp; Oral session 3: Short papers <\/strong>(chair: Silvia Biasotti)<\/p>\n\n\n\n<p>13:40 \u2013 13:55   <strong>Single Shot Phase Shift 3D Scanning with Convolutional Neural Network and Synthetic Fractals<\/strong><br>Ke Li, Daniel Hoehne, Christian Braeuer-Burchardt, Andreas T\u00fcnnermann, Marcel Spehr, Peter Kuehmstedt<\/p>\n\n\n\n<p>13:55 \u2013 14:10   <strong>Parameterization Robustness of 3D Auto-Encoders<\/strong><br>Emery Pierson, Thomas Besnier, Mohamed Daoudi, Sylvain Arguill\u00e8re<\/p>\n\n\n\n<p>14:10 \u2013 14:25   <strong>Labeled Facets: New Texture Dataset<\/strong><br>Iyyakutti Ganapathi, Naoufel Werghi <\/p>\n\n\n\n<p>14:25 \u2013 14:40 <strong>Reconstructing 3D Face of Infants in Social Interactions Using Morphable Models of Non-Infants<\/strong><br>Evangelos Sariyanidi, Casey J. Zampella, Madison N. Drye, Madison L. Fecher, Grace Megginson, Laura Soskey Cubit, Robert T. Schultz, Whitney Guthrie, Birkan Tunc<\/p>\n\n\n\n<p><strong>14:40 \u2013 15:00&nbsp; &nbsp; Coffee break<\/strong><\/p>\n\n\n\n<p><strong>15:00 \u2013 16:15\u00a0 \u00a0 Oral session 4: SHREC papers <\/strong>(chair: Ioannis Pratikakis)<\/p>\n\n\n\n<p>15:00 \u2013 15:25   <strong>SHREC\u201922 track: Open-Set 3D Object Retrieval<\/strong><br>Yifan Feng, Yue Gao, Xibin Zhao, Yandong Guo, Nihar Bagewadi, Nhat-Tan Bui, Hieu Dao,&nbsp;Shankar Gangisetty, Ripeng Guan, Xie Han, Cong Hua, Chidambar Hunakunti, Yu Jiang, Shichao Jiao, Yuqi Ke, Liqun Kuang, Anan Liu, Dinh-Huan Nguyen, Hai-Dang Nguyen, Weizhi Nie, Bang-Dang Pham, Karthik Raikar, Qingmei Tang, Minh-Triet Tran, Jialong Wanh, Chenggang Yan, Haoxuan You, Difei Zhu<\/p>\n\n\n\n<p>15:25 \u2013 15:50    <strong>SHREC\u201922 track: Sketch-based 3D shape retrieval in the wild<\/strong> <br>Jie Qin, Shuaihang Yuan, Jiaxin Chen, Boulbaba Ben Amor, Yi Fang, Nhat Hoang-Xuan, Chi-Bien Chu, Khoi-Nguyen Nguyen-Ngoc, Thien-Tri Cao, Nhat-Khang Ngo, Tuan-Luc Huynh, Hai-Dang Nguyen, Minh-Triet Tran, Haoyang Luo, Jianning Wang, Zheng Zhang, Zihao Xin, Yang Wang, Feng Wang, Ying Tang, Haiqin Chen, Yan Wang, Qunying Zhou, Ji Zhang, Hongyuan Wang<\/p>\n\n\n\n<p>15:50 \u2013 16:15   <strong>SHREC 2022: Protein\u2013ligand binding site recognition<\/strong><br>Luca Gagliardi, Andrea Raffo, Ulderico Fugacci, Silvia Biasotti, Walter Rocchia, Hao Huang, Boulbaba Ben Amor, Yi Fang, Yuanyuan Zhang, Xiao Wang, Charles Christoffer, Daisuke Kihara, Apostolos Axenopoulos, Stelios Mylonas, Petros Daras<\/p>\n\n\n\n<p><strong>16:15 \u2013 16:35&nbsp; &nbsp; Afternoon break<\/strong><\/p>\n\n\n\n<p><strong>16:35 \u2013 17:50&nbsp; &nbsp; Oral session 5: Full papers<\/strong> (chair: Ivan Sipiran)<\/p>\n\n\n\n<p>16:35 \u2013 17:00   <strong>SketchCleanNet &#8211; A deep learning approach to the enhancement and correction of query sketches for a 3D CAD model retrieval system<\/strong><br>Bharadwaj Manda, Prasad Pralhad Kendre, Subhrajit Dey, Ramanathan<br>Muthuganapathy <\/p>\n\n\n\n<p>17:00 \u2013 17:25   <strong>Representation learning of 3D meshes using an Autoencoder in the spectral domain<br><\/strong>Cl\u00e9ment Lemeunier, Florent Dupont, Florence Denis, Guillaume Lavou\u00e9<\/p>\n\n\n\n<p>17:25 \u2013 17:50   <strong>LiSurveying: A High Resolution TLS-LiDAR benchmark<\/strong><br>Gabriel Lugo, Ryan Li, Rutvik Chauhan, Zihao Wang, Palak Tiwary, Utkarsh Pandey, Archi Patel, Steve Rombough, Rod Schatz, Irene Cheng<\/p>\n\n\n\n<p><strong>17:50 \u2013 18:00   Best paper award<\/strong> (chairs: Silvia Biasotti, Claudio Ferrari, Remco Veltkamp)<\/p>\n\n\n\n<p><strong>18:00 \u2013 18:15   Closing&nbsp;<\/strong><br>Conference and program chairs<\/p>\n\n\n\n<p><\/p>\n","protected":false},"excerpt":{"rendered":"<p>13:30 \u2013 13:45&nbsp; &nbsp; Opening Session Conference and Program chairs September 1, 2022 13:45 \u2013 14:40 Keynote talk (chair: Mohamed Daoudi) \u201cFrom sound to metric priors: A new paradigm for shape generation\u201d Emanuele Rodol\u00e0, \u201cLa Sapienza\u201d University of Rome 14:40 \u2013 15:00&nbsp; &nbsp; Coffee break 15:00 \u2013 16:15&nbsp; &nbsp; Oral session 1: Full papers (chair: [&hellip;]<\/p>\n","protected":false},"author":2,"featured_media":0,"parent":0,"menu_order":0,"comment_status":"closed","ping_status":"closed","template":"","meta":[],"_links":{"self":[{"href":"https:\/\/www.micc.unifi.it\/3dor2022\/index.php\/wp-json\/wp\/v2\/pages\/34"}],"collection":[{"href":"https:\/\/www.micc.unifi.it\/3dor2022\/index.php\/wp-json\/wp\/v2\/pages"}],"about":[{"href":"https:\/\/www.micc.unifi.it\/3dor2022\/index.php\/wp-json\/wp\/v2\/types\/page"}],"author":[{"embeddable":true,"href":"https:\/\/www.micc.unifi.it\/3dor2022\/index.php\/wp-json\/wp\/v2\/users\/2"}],"replies":[{"embeddable":true,"href":"https:\/\/www.micc.unifi.it\/3dor2022\/index.php\/wp-json\/wp\/v2\/comments?post=34"}],"version-history":[{"count":17,"href":"https:\/\/www.micc.unifi.it\/3dor2022\/index.php\/wp-json\/wp\/v2\/pages\/34\/revisions"}],"predecessor-version":[{"id":285,"href":"https:\/\/www.micc.unifi.it\/3dor2022\/index.php\/wp-json\/wp\/v2\/pages\/34\/revisions\/285"}],"wp:attachment":[{"href":"https:\/\/www.micc.unifi.it\/3dor2022\/index.php\/wp-json\/wp\/v2\/media?parent=34"}],"curies":[{"name":"wp","href":"https:\/\/api.w.org\/{rel}","templated":true}]}}